{"id":74,"date":"2018-07-05T08:57:52","date_gmt":"2018-07-05T08:57:52","guid":{"rendered":"http:\/\/sahel.elated-themes.com\/?page_id=74"},"modified":"2026-02-24T11:45:18","modified_gmt":"2026-02-24T10:45:18","slug":"ueber","status":"publish","type":"page","link":"https:\/\/www.aeonoz.com\/de\/ueber\/","title":{"rendered":"\u00dcber"},"content":{"rendered":"<div class=\"wpb-content-wrapper\"><p>[vc_row row_content_width=&#8220;grid&#8220; enable_borders=&#8220;left-right&#8220; dynamic_background_color_value=&#8220;#f3e7be&#8220; css=&#8220;.vc_custom_1771929909713{padding-top: 250px !important;padding-bottom: 150px !important;}&#8220;][vc_column width=&#8220;1\/6&#8243;][\/vc_column][vc_column width=&#8220;2\/3&#8243;][vc_column_text]<\/p>\n<h5>Aeon Oz ist die Geschichte einer mystischen Reise. 12 Pfade werden durchlebt. Der Weg auf diesen Pfaden liegt weder in der Vergangenheit noch in der Zukunft, sondern im Jetzt. Es ist eine Entdeckungsreise zu den Urspr\u00fcngen der Erkenntnis und dem Wunsch, sich im stetigen Fluss der Zeit zu transformieren. Aeon Oz ist die Offenbarung, dass die Welt mit ihrem Kreislauf aus Geburt und Tod nicht wirklich unsere wahre Heimat ist. Verfilmt wurde dieses Mysterium aus Bildern, Licht, Klang und Bewegung in Indien, Nepal, Kolumbien und \u00d6sterreich.<\/h5>\n<p>&nbsp;<\/p>\n<p>Das Mantra Aeon Oz, l\u00e4dt die Betrachter_innen ein, die gesehenen Elemente zu verkn\u00fcpfen und in Beziehung zueinander zu setzen. Die tanzende Protagonistin f\u00fchrt uns durch den kurvigen Weg der zw\u00f6lf Episoden. Sie wird unser Medium sein, genau so wie die einnehmende Musik und das atmosph\u00e4rische Licht.<\/p>\n<p>&nbsp;<\/p>\n<p>Normalerweise nehmen wir unsere Welt, unsere Art zu leben, als vollkommen wahr, weil es nichts anderes gibt, was man wahrnehmen k\u00f6nnte. Wenn man in dieser jetzigen Welt voller Reiz\u00fcberflutung lebt, kann man aber meistens nur die Oberfl\u00e4chen sehen. Oberfl\u00e4chen voller Normen, Regeln, Vorschriften, Kopien \u00fcber Kopien. Es scheint kaum eine F\u00e4higkeit zu geben, dar\u00fcber hinweg zu sehen, zu sehen, dass wir uns in einer k\u00fcnstlichen Umgebung eingeschlossen haben, die die urspr\u00fcngliche Natur selbst bemerkenswert ersetzt hat. Wir leben nicht mehr mit der Natur, wir haben sie uns untertan gemacht. Aeon Oz m\u00f6chte das gr\u00f6\u00dfere Bild dahinter malen, einen Schritt zur\u00fcck machen und einen ganzheitlichen Blick erm\u00f6glichen. Aeon Oz m\u00f6chte den\/die Betrachter_in nicht mit vordefinierter Bedeutung konfrontieren, sondern erm\u00f6glicht eine Begegnung.<\/p>\n<p>&nbsp;<\/p>\n<p>Durch die Erfahrung der BetrachterInnen gedeiht die F\u00e4higkeit zu Staunen und die Bereitschaft, sich zu \u00f6ffnen f\u00fcr eine Aura der Mystik. Aeon Oz funktioniert wie ein Netz: irgendwo gibt es einen Ber\u00fchrungspunkt und alles beginnt mitzuschwingen.<\/p>\n<p>&nbsp;<\/p>\n<p><em>\u201eKeine Vergangenheit. Keine Zukunft. Offener Geist. Offenes Herz. Vollst\u00e4ndige Aufmerksamkeit. Keine Vorbehalte. Das ist alles\u201c<\/em>. Scott Morrison[\/vc_column_text][\/vc_column][vc_column width=&#8220;1\/6&#8243;][\/vc_column][\/vc_row]<\/p>\n<\/div>","protected":false},"excerpt":{"rendered":"<p>[vc_row row_content_width=&#8220;grid&#8220; enable_borders=&#8220;left-right&#8220; dynamic_background_color_value=&#8220;#f3e7be&#8220; css=&#8220;.vc_custom_1771929909713{padding-top: 250px !important;padding-bottom: 150px !important;}&#8220;][vc_column width=&#8220;1\/6&#8243;][\/vc_column][vc_column width=&#8220;2\/3&#8243;][vc_column_text] Aeon Oz ist die Geschichte einer mystischen Reise. 12 Pfade werden durchlebt. Der Weg auf diesen Pfaden liegt weder in der Vergangenheit noch in der Zukunft, sondern im Jetzt. [&hellip;]<\/p>\n","protected":false},"author":1,"featured_media":0,"parent":0,"menu_order":0,"comment_status":"closed","ping_status":"closed","template":"full-width.php","meta":{"footnotes":""},"class_list":["post-74","page","type-page","status-publish","hentry"],"_links":{"self":[{"href":"https:\/\/www.aeonoz.com\/de\/wp-json\/wp\/v2\/pages\/74","targetHints":{"allow":["GET"]}}],"collection":[{"href":"https:\/\/www.aeonoz.com\/de\/wp-json\/wp\/v2\/pages"}],"about":[{"href":"https:\/\/www.aeonoz.com\/de\/wp-json\/wp\/v2\/types\/page"}],"author":[{"embeddable":true,"href":"https:\/\/www.aeonoz.com\/de\/wp-json\/wp\/v2\/users\/1"}],"replies":[{"embeddable":true,"href":"https:\/\/www.aeonoz.com\/de\/wp-json\/wp\/v2\/comments?post=74"}],"version-history":[{"count":33,"href":"https:\/\/www.aeonoz.com\/de\/wp-json\/wp\/v2\/pages\/74\/revisions"}],"predecessor-version":[{"id":4898,"href":"https:\/\/www.aeonoz.com\/de\/wp-json\/wp\/v2\/pages\/74\/revisions\/4898"}],"wp:attachment":[{"href":"https:\/\/www.aeonoz.com\/de\/wp-json\/wp\/v2\/media?parent=74"}],"curies":[{"name":"wp","href":"https:\/\/api.w.org\/{rel}","templated":true}]}}