{"id":242,"date":"2018-07-06T08:18:29","date_gmt":"2018-07-06T06:18:29","guid":{"rendered":"http:\/\/sahel.elated-themes.com\/?page_id=242"},"modified":"2022-03-19T14:21:45","modified_gmt":"2022-03-19T13:21:45","slug":"team","status":"publish","type":"page","link":"https:\/\/www.aeonoz.com\/es\/team\/","title":{"rendered":"El Equipo"},"content":{"rendered":"<div class=\"wpb-content-wrapper\"><p>[vc_row row_content_width=\u00bbgrid\u00bb css=\u00bb.vc_custom_1532425057915{padding-top: 110px !important;padding-bottom: 95px !important;}\u00bb][vc_column][eltdf_section_title type=\u00bbstandard\u00bb position=\u00bb\u00bb title_tag=\u00bb\u00bb disable_break_words=\u00bbno\u00bb title=\u00bbEl Equipo\u00bb][\/vc_column][\/vc_row][vc_row row_content_width=\u00bbgrid\u00bb css=\u00bb.vc_custom_1533130681170{padding-bottom: 30px !important;}\u00bb][vc_column width=\u00bb1\/3&#8243; css=\u00bb.vc_custom_1533128109029{padding-right: 0px !important;padding-left: 0px !important;}\u00bb][eltdf_elements_holder holder_full_height=\u00bbno\u00bb number_of_columns=\u00bbone-column\u00bb switch_to_one_column=\u00bb\u00bb alignment_one_column=\u00bb\u00bb][eltdf_elements_holder_item item_padding=\u00bb0px 68px 0px 0px\u00bb item_padding_681_768=\u00bb0px 28px 0px 0px\u00bb item_padding_1367_1600=\u00bb0px 68px 0px 0px\u00bb item_padding_1025_1366=\u00bb0px 68px 0px 0px\u00bb item_padding_769_1024=\u00bb0px 68px 0px 0px\u00bb item_padding_680=\u00bb0px 0px 0px 0px\u00bb][eltdf_team type=\u00bbinfo-below-image\u00bb team_name_tag=\u00bbh4&#8243; team_social_icon_pack=\u00bbfont_awesome\u00bb enable_loading_animation=\u00bbno\u00bb team_image=\u00bb4697&#8243; team_name=\u00bbHeinz Kasper\u00bb team_name_color=\u00bb#000000&#8243; team_position=\u00bbAutor, Productor &amp; El Director\u00bb team_position_color=\u00bb#000000&#8243;][\/eltdf_elements_holder_item][\/eltdf_elements_holder][vc_empty_space height=\u00bb40px\u00bb][\/vc_column][vc_column width=\u00bb1\/3&#8243; css=\u00bb.vc_custom_1533128114597{padding-right: 0px !important;padding-left: 0px !important;}\u00bb][eltdf_elements_holder holder_full_height=\u00bbno\u00bb number_of_columns=\u00bbone-column\u00bb switch_to_one_column=\u00bb\u00bb alignment_one_column=\u00bb\u00bb][eltdf_elements_holder_item item_padding=\u00bb0px 68px 0px 0px\u00bb item_padding_681_768=\u00bb0px 28px 0px 0px\u00bb item_padding_1367_1600=\u00bb0px 68px 0px 0px\u00bb item_padding_1025_1366=\u00bb0px 68px 0px 0px\u00bb item_padding_769_1024=\u00bb0px 68px 0px 0px\u00bb item_padding_680=\u00bb0px 0px 0px 0px\u00bb][eltdf_team type=\u00bbinfo-below-image\u00bb team_name_tag=\u00bbh4&#8243; team_social_icon_pack=\u00bbfont_awesome\u00bb enable_loading_animation=\u00bbno\u00bb team_image=\u00bb4373&#8243; team_name=\u00bbJuana del Mar Jime\u0301nez Infante\u00bb team_name_color=\u00bb#000000&#8243; team_position=\u00bbChoreograf\u00eda &amp; Performance\u00bb team_position_color=\u00bb#000000&#8243;][\/eltdf_elements_holder_item][\/eltdf_elements_holder][vc_empty_space height=\u00bb40px\u00bb][\/vc_column][vc_column width=\u00bb1\/3&#8243; css=\u00bb.vc_custom_1533128120594{padding-right: 0px !important;padding-left: 0px !important;}\u00bb][eltdf_elements_holder holder_full_height=\u00bbno\u00bb number_of_columns=\u00bbone-column\u00bb switch_to_one_column=\u00bb\u00bb alignment_one_column=\u00bb\u00bb][eltdf_elements_holder_item item_padding=\u00bb0px 34px 0px\u00bb item_padding_681_768=\u00bb0px 14px 0px\u00bb item_padding_1367_1600=\u00bb0px 34px 0px\u00bb item_padding_1025_1366=\u00bb0px 34px 0px\u00bb item_padding_769_1024=\u00bb0px 34px 0px\u00bb item_padding_680=\u00bb0px 0px 0px 0px\u00bb][eltdf_team type=\u00bbinfo-below-image\u00bb team_name_tag=\u00bbh4&#8243; team_social_icon_pack=\u00bbfont_awesome\u00bb enable_loading_animation=\u00bbno\u00bb team_image=\u00bb4694&#8243; team_name=\u00bbAndr\u00e9s Arizmendy Benavides\u00bb team_name_color=\u00bb#000000&#8243; team_position=\u00bbC\u00e1mera &amp; Edici\u00f3n\u00bb team_position_color=\u00bb#000000&#8243;][\/eltdf_elements_holder_item][\/eltdf_elements_holder][vc_empty_space height=\u00bb40px\u00bb][\/vc_column][\/vc_row][vc_row row_content_width=\u00bbgrid\u00bb css=\u00bb.vc_custom_1533130721032{padding-bottom: 30px !important;}\u00bb][vc_column width=\u00bb1\/3&#8243; css=\u00bb.vc_custom_1533128109029{padding-right: 0px !important;padding-left: 0px !important;}\u00bb][eltdf_elements_holder holder_full_height=\u00bbno\u00bb number_of_columns=\u00bbone-column\u00bb switch_to_one_column=\u00bb\u00bb alignment_one_column=\u00bb\u00bb][eltdf_elements_holder_item item_padding=\u00bb0px 34px 0px\u00bb item_padding_681_768=\u00bb0px 14px 0px\u00bb item_padding_1367_1600=\u00bb0px 34px 0px\u00bb item_padding_1025_1366=\u00bb0px 34px 0px\u00bb item_padding_769_1024=\u00bb0px 34px 0px\u00bb item_padding_680=\u00bb0px 0px 0px 0px\u00bb][eltdf_team type=\u00bbinfo-below-image\u00bb team_name_tag=\u00bbh4&#8243; team_social_icon_pack=\u00bbfont_awesome\u00bb enable_loading_animation=\u00bbno\u00bb team_image=\u00bb4372&#8243; team_name=\u00bbMatteo Haitzmann\u00bb team_name_color=\u00bb#000000&#8243; team_position=\u00bbKomponista Arcanum-Meditation #I &#8211; #XII\u00bb team_position_color=\u00bb#000000&#8243;][\/eltdf_elements_holder_item][\/eltdf_elements_holder][vc_empty_space height=\u00bb40px\u00bb][\/vc_column][vc_column width=\u00bb1\/3&#8243; css=\u00bb.vc_custom_1533128114597{padding-right: 0px !important;padding-left: 0px !important;}\u00bb][eltdf_elements_holder holder_full_height=\u00bbno\u00bb number_of_columns=\u00bbone-column\u00bb switch_to_one_column=\u00bb\u00bb alignment_one_column=\u00bb\u00bb][eltdf_elements_holder_item item_padding=\u00bb0px 34px 0px\u00bb item_padding_681_768=\u00bb0px 14px 0px\u00bb item_padding_1367_1600=\u00bb0px 34px 0px\u00bb item_padding_1025_1366=\u00bb0px 34px 0px\u00bb item_padding_769_1024=\u00bb0px 34px 0px\u00bb item_padding_680=\u00bb0px 0px 0px 0px\u00bb][eltdf_team type=\u00bbinfo-below-image\u00bb team_name_tag=\u00bbh4&#8243; team_social_icon_pack=\u00bbfont_awesome\u00bb enable_loading_animation=\u00bbno\u00bb team_name=\u00bbAli N. Askin\u00bb team_name_color=\u00bb#000000&#8243; team_position=\u00bbKomponista Pr\u00f3logo &amp; Ep\u00edlog\u00bb team_position_color=\u00bb#000000&#8243; team_image=\u00bb4736&#8243;][\/eltdf_elements_holder_item][\/eltdf_elements_holder][vc_empty_space height=\u00bb40px\u00bb][\/vc_column][vc_column width=\u00bb1\/3&#8243; css=\u00bb.vc_custom_1533128120594{padding-right: 0px !important;padding-left: 0px !important;}\u00bb][eltdf_elements_holder holder_full_height=\u00bbno\u00bb number_of_columns=\u00bbone-column\u00bb switch_to_one_column=\u00bb\u00bb alignment_one_column=\u00bb\u00bb][eltdf_elements_holder_item item_padding=\u00bb0px 0px 0px 68px\u00bb item_padding_681_768=\u00bb0px 0px 0px 28px\u00bb item_padding_1367_1600=\u00bb0px 0px 0px 68px\u00bb item_padding_1025_1366=\u00bb0px 0px 0px 68px\u00bb item_padding_769_1024=\u00bb0px 0px 0px 68px\u00bb item_padding_680=\u00bb0px 0px 0px 0px\u00bb][eltdf_team type=\u00bbinfo-below-image\u00bb team_name_tag=\u00bbh4&#8243; team_social_icon_pack=\u00bbfont_awesome\u00bb enable_loading_animation=\u00bbno\u00bb team_name=\u00bbThomas P\u00f6tz\u00bb team_name_color=\u00bb#000000&#8243; team_position=\u00bbDise\u00f1o de Sonido\u00bb team_position_color=\u00bb#000000&#8243; team_image=\u00bb4741&#8243;][\/eltdf_elements_holder_item][\/eltdf_elements_holder][vc_empty_space height=\u00bb40px\u00bb][\/vc_column][\/vc_row][vc_row row_content_width=\u00bbgrid\u00bb css=\u00bb.vc_custom_1533130721032{padding-bottom: 30px !important;}\u00bb][vc_column width=\u00bb1\/3&#8243; css=\u00bb.vc_custom_1533128109029{padding-right: 0px !important;padding-left: 0px !important;}\u00bb][eltdf_elements_holder holder_full_height=\u00bbno\u00bb number_of_columns=\u00bbone-column\u00bb switch_to_one_column=\u00bb\u00bb alignment_one_column=\u00bb\u00bb][eltdf_elements_holder_item item_padding=\u00bb0px 34px 0px\u00bb item_padding_681_768=\u00bb0px 14px 0px\u00bb item_padding_1367_1600=\u00bb0px 34px 0px\u00bb item_padding_1025_1366=\u00bb0px 34px 0px\u00bb item_padding_769_1024=\u00bb0px 34px 0px\u00bb item_padding_680=\u00bb0px 0px 0px 0px\u00bb][eltdf_team type=\u00bbinfo-below-image\u00bb team_name_tag=\u00bbh4&#8243; team_social_icon_pack=\u00bbfont_awesome\u00bb enable_loading_animation=\u00bbno\u00bb team_image=\u00bb4608&#8243; team_name=\u00bbMido Kawamura\u00bb team_name_color=\u00bb#000000&#8243; team_position=\u00bbDise\u00f1o Vestuario Arcanum-Meditation #I &#8211; #XII\u00bb team_position_color=\u00bb#000000&#8243;][\/eltdf_elements_holder_item][\/eltdf_elements_holder][vc_empty_space height=\u00bb40px\u00bb][\/vc_column][vc_column width=\u00bb1\/3&#8243; css=\u00bb.vc_custom_1533128114597{padding-right: 0px !important;padding-left: 0px !important;}\u00bb][eltdf_elements_holder holder_full_height=\u00bbno\u00bb number_of_columns=\u00bbone-column\u00bb switch_to_one_column=\u00bb\u00bb alignment_one_column=\u00bb\u00bb][eltdf_elements_holder_item item_padding=\u00bb0px 34px 0px\u00bb item_padding_681_768=\u00bb0px 14px 0px\u00bb item_padding_1367_1600=\u00bb0px 34px 0px\u00bb item_padding_1025_1366=\u00bb0px 34px 0px\u00bb item_padding_769_1024=\u00bb0px 34px 0px\u00bb item_padding_680=\u00bb0px 0px 0px 0px\u00bb][eltdf_team type=\u00bbinfo-below-image\u00bb team_name_tag=\u00bbh4&#8243; team_social_icon_pack=\u00bbfont_awesome\u00bb enable_loading_animation=\u00bbno\u00bb team_name=\u00bbPaola Andrea O\u00f1a Ovejero\u00bb team_name_color=\u00bb#000000&#8243; team_position=\u00bbDise\u00f1o Vestuario Pr\u00f3logo &amp; Ep\u00edlog\u00bb team_position_color=\u00bb#000000&#8243; team_image=\u00bb4739&#8243;][\/eltdf_elements_holder_item][\/eltdf_elements_holder][vc_empty_space height=\u00bb40px\u00bb][\/vc_column][vc_column width=\u00bb1\/3&#8243; css=\u00bb.vc_custom_1533128120594{padding-right: 0px !important;padding-left: 0px !important;}\u00bb][eltdf_elements_holder holder_full_height=\u00bbno\u00bb number_of_columns=\u00bbone-column\u00bb switch_to_one_column=\u00bb\u00bb alignment_one_column=\u00bb\u00bb][eltdf_elements_holder_item item_padding=\u00bb0px 0px 0px 68px\u00bb item_padding_681_768=\u00bb0px 0px 0px 28px\u00bb item_padding_1367_1600=\u00bb0px 0px 0px 68px\u00bb item_padding_1025_1366=\u00bb0px 0px 0px 68px\u00bb item_padding_769_1024=\u00bb0px 0px 0px 68px\u00bb item_padding_680=\u00bb0px 0px 0px 0px\u00bb][eltdf_team type=\u00bbinfo-below-image\u00bb team_name_tag=\u00bbh4&#8243; team_social_icon_pack=\u00bbfont_awesome\u00bb enable_loading_animation=\u00bbno\u00bb team_image=\u00bb4695&#8243; team_name=\u00bbFranziska Gerth\u00bb team_name_color=\u00bb#000000&#8243; team_position=\u00bbAsistente de Produccion\u00bb team_position_color=\u00bb#000000&#8243;][\/eltdf_elements_holder_item][\/eltdf_elements_holder][vc_empty_space height=\u00bb40px\u00bb][\/vc_column][\/vc_row][vc_row row_content_width=\u00bbgrid\u00bb css=\u00bb.vc_custom_1533130755290{padding-bottom: 30px !important;}\u00bb][vc_column width=\u00bb1\/3&#8243; css=\u00bb.vc_custom_1533128109029{padding-right: 0px !important;padding-left: 0px !important;}\u00bb][eltdf_elements_holder holder_full_height=\u00bbno\u00bb number_of_columns=\u00bbone-column\u00bb switch_to_one_column=\u00bb\u00bb alignment_one_column=\u00bb\u00bb][eltdf_elements_holder_item item_padding=\u00bb0px 0px 0px 68px\u00bb item_padding_681_768=\u00bb0px 0px 0px 28px\u00bb item_padding_1367_1600=\u00bb0px 0px 0px 68px\u00bb item_padding_1025_1366=\u00bb0px 0px 0px 68px\u00bb item_padding_769_1024=\u00bb0px 0px 0px 68px\u00bb item_padding_680=\u00bb0px 0px 0px 0px\u00bb][eltdf_team type=\u00bbinfo-below-image\u00bb team_name_tag=\u00bbh4&#8243; team_social_icon_pack=\u00bbfont_awesome\u00bb enable_loading_animation=\u00bbno\u00bb team_image=\u00bb4696&#8243; team_name=\u00bbHaim Yafim Barbalat\u00bb team_name_color=\u00bb#000000&#8243; team_position=\u00bbC\u00e1mera\u00bb team_position_color=\u00bb#000000&#8243;][\/eltdf_elements_holder_item][\/eltdf_elements_holder][vc_empty_space height=\u00bb40px\u00bb][\/vc_column][vc_column width=\u00bb1\/3&#8243; css=\u00bb.vc_custom_1533128114597{padding-right: 0px !important;padding-left: 0px !important;}\u00bb][eltdf_elements_holder holder_full_height=\u00bbno\u00bb number_of_columns=\u00bbone-column\u00bb switch_to_one_column=\u00bb\u00bb alignment_one_column=\u00bb\u00bb][eltdf_elements_holder_item item_padding=\u00bb0px 0px 0px 68px\u00bb item_padding_681_768=\u00bb0px 0px 0px 28px\u00bb item_padding_1367_1600=\u00bb0px 0px 0px 68px\u00bb item_padding_1025_1366=\u00bb0px 0px 0px 68px\u00bb item_padding_769_1024=\u00bb0px 0px 0px 68px\u00bb item_padding_680=\u00bb0px 0px 0px 0px\u00bb][eltdf_team type=\u00bbinfo-below-image\u00bb team_name_tag=\u00bbh4&#8243; team_social_icon_pack=\u00bbfont_awesome\u00bb enable_loading_animation=\u00bbno\u00bb team_image=\u00bb4738&#8243; team_name=\u00bbJuana Mu\u00f1oz\u00bb team_name_color=\u00bb#000000&#8243; team_position=\u00bbAsistente de Edici\u00f3n\u00bb team_position_color=\u00bb#000000&#8243;][\/eltdf_elements_holder_item][\/eltdf_elements_holder][vc_empty_space height=\u00bb40px\u00bb][\/vc_column][vc_column width=\u00bb1\/3&#8243; css=\u00bb.vc_custom_1533128120594{padding-right: 0px !important;padding-left: 0px !important;}\u00bb][eltdf_elements_holder holder_full_height=\u00bbno\u00bb number_of_columns=\u00bbone-column\u00bb switch_to_one_column=\u00bb\u00bb alignment_one_column=\u00bb\u00bb][eltdf_elements_holder_item item_padding=\u00bb0px 0px 0px 68px\u00bb item_padding_681_768=\u00bb0px 0px 0px 28px\u00bb item_padding_1367_1600=\u00bb0px 0px 0px 68px\u00bb item_padding_1025_1366=\u00bb0px 0px 0px 68px\u00bb item_padding_769_1024=\u00bb0px 0px 0px 68px\u00bb item_padding_680=\u00bb0px 0px 0px 0px\u00bb][eltdf_team type=\u00bbinfo-below-image\u00bb team_name_tag=\u00bbh4&#8243; team_social_icon_pack=\u00bbfont_awesome\u00bb enable_loading_animation=\u00bbno\u00bb team_image=\u00bb4376&#8243; team_name=\u00bbParasher Baruah\u00bb team_name_color=\u00bb#000000&#8243; team_position=\u00bbC\u00e1mera\u00bb team_position_color=\u00bb#000000&#8243;][\/eltdf_elements_holder_item][\/eltdf_elements_holder][vc_empty_space height=\u00bb40px\u00bb][\/vc_column][\/vc_row][vc_row row_content_width=\u00bbgrid\u00bb css=\u00bb.vc_custom_1533130755290{padding-bottom: 30px !important;}\u00bb][vc_column width=\u00bb1\/3&#8243; css=\u00bb.vc_custom_1533128109029{padding-right: 0px !important;padding-left: 0px !important;}\u00bb][eltdf_elements_holder holder_full_height=\u00bbno\u00bb number_of_columns=\u00bbone-column\u00bb switch_to_one_column=\u00bb\u00bb alignment_one_column=\u00bb\u00bb][eltdf_elements_holder_item item_padding=\u00bb0px 0px 0px 68px\u00bb item_padding_681_768=\u00bb0px 0px 0px 28px\u00bb item_padding_1367_1600=\u00bb0px 0px 0px 68px\u00bb item_padding_1025_1366=\u00bb0px 0px 0px 68px\u00bb item_padding_769_1024=\u00bb0px 0px 0px 68px\u00bb item_padding_680=\u00bb0px 0px 0px 0px\u00bb][eltdf_team type=\u00bbinfo-below-image\u00bb team_name_tag=\u00bbh4&#8243; team_social_icon_pack=\u00bbfont_awesome\u00bb enable_loading_animation=\u00bbno\u00bb team_image=\u00bb4740&#8243; team_name=\u00bbStefan Matlik\u00bb team_name_color=\u00bb#000000&#8243; team_position=\u00bbCr\u00e9dito &amp; Animaci\u00f3n\u00bb team_position_color=\u00bb#000000&#8243;][\/eltdf_elements_holder_item][\/eltdf_elements_holder][vc_empty_space height=\u00bb40px\u00bb][\/vc_column][vc_column width=\u00bb1\/3&#8243; css=\u00bb.vc_custom_1533128114597{padding-right: 0px !important;padding-left: 0px !important;}\u00bb][eltdf_elements_holder holder_full_height=\u00bbno\u00bb number_of_columns=\u00bbone-column\u00bb switch_to_one_column=\u00bb\u00bb alignment_one_column=\u00bb\u00bb][eltdf_elements_holder_item item_padding=\u00bb0px 0px 0px 68px\u00bb item_padding_681_768=\u00bb0px 0px 0px 28px\u00bb item_padding_1367_1600=\u00bb0px 0px 0px 68px\u00bb item_padding_1025_1366=\u00bb0px 0px 0px 68px\u00bb item_padding_769_1024=\u00bb0px 0px 0px 68px\u00bb item_padding_680=\u00bb0px 0px 0px 0px\u00bb][eltdf_team type=\u00bbinfo-below-image\u00bb team_name_tag=\u00bbh4&#8243; team_social_icon_pack=\u00bbfont_awesome\u00bb enable_loading_animation=\u00bbno\u00bb team_image=\u00bb4744&#8243; team_name=\u00bbAdriaan Lokman\u00bb team_name_color=\u00bb#000000&#8243; team_position=\u00bbAnimaci\u00f3n\u00bb team_position_color=\u00bb#000000&#8243;][\/eltdf_elements_holder_item][\/eltdf_elements_holder][vc_empty_space height=\u00bb40px\u00bb][\/vc_column][vc_column width=\u00bb1\/3&#8243; css=\u00bb.vc_custom_1533128120594{padding-right: 0px !important;padding-left: 0px !important;}\u00bb][eltdf_elements_holder holder_full_height=\u00bbno\u00bb number_of_columns=\u00bbone-column\u00bb switch_to_one_column=\u00bb\u00bb alignment_one_column=\u00bb\u00bb][eltdf_elements_holder_item item_padding=\u00bb0px 0px 0px 68px\u00bb item_padding_681_768=\u00bb0px 0px 0px 28px\u00bb item_padding_1367_1600=\u00bb0px 0px 0px 68px\u00bb item_padding_1025_1366=\u00bb0px 0px 0px 68px\u00bb item_padding_769_1024=\u00bb0px 0px 0px 68px\u00bb item_padding_680=\u00bb0px 0px 0px 0px\u00bb][eltdf_team type=\u00bbinfo-below-image\u00bb team_name_tag=\u00bbh4&#8243; team_social_icon_pack=\u00bbfont_awesome\u00bb enable_loading_animation=\u00bbno\u00bb team_image=\u00bb4737&#8243; team_name=\u00bbJorge Roman\u00bb team_name_color=\u00bb#000000&#8243; team_position=\u00bbCorrecci\u00f3n de Color\u00bb team_position_color=\u00bb#000000&#8243;][\/eltdf_elements_holder_item][\/eltdf_elements_holder][vc_empty_space height=\u00bb40px\u00bb][\/vc_column][\/vc_row]<\/p>\n<\/div>","protected":false},"excerpt":{"rendered":"<p>[vc_row row_content_width=\u00bbgrid\u00bb css=\u00bb.vc_custom_1532425057915{padding-top: 110px !important;padding-bottom: 95px !important;}\u00bb][vc_column][eltdf_section_title type=\u00bbstandard\u00bb position=\u00bb\u00bb title_tag=\u00bb\u00bb disable_break_words=\u00bbno\u00bb title=\u00bbEl Equipo\u00bb][\/vc_column][\/vc_row][vc_row row_content_width=\u00bbgrid\u00bb css=\u00bb.vc_custom_1533130681170{padding-bottom: 30px !important;}\u00bb][vc_column width=\u00bb1\/3&#8243; css=\u00bb.vc_custom_1533128109029{padding-right: 0px !important;padding-left: 0px !important;}\u00bb][eltdf_elements_holder holder_full_height=\u00bbno\u00bb number_of_columns=\u00bbone-column\u00bb switch_to_one_column=\u00bb\u00bb alignment_one_column=\u00bb\u00bb][eltdf_elements_holder_item item_padding=\u00bb0px 68px 0px 0px\u00bb item_padding_681_768=\u00bb0px 28px 0px 0px\u00bb item_padding_1367_1600=\u00bb0px 68px 0px 0px\u00bb item_padding_1025_1366=\u00bb0px [&hellip;]<\/p>\n","protected":false},"author":1,"featured_media":0,"parent":0,"menu_order":0,"comment_status":"closed","ping_status":"closed","template":"full-width.php","meta":{"footnotes":""},"class_list":["post-242","page","type-page","status-publish","hentry"],"_links":{"self":[{"href":"https:\/\/www.aeonoz.com\/es\/wp-json\/wp\/v2\/pages\/242","targetHints":{"allow":["GET"]}}],"collection":[{"href":"https:\/\/www.aeonoz.com\/es\/wp-json\/wp\/v2\/pages"}],"about":[{"href":"https:\/\/www.aeonoz.com\/es\/wp-json\/wp\/v2\/types\/page"}],"author":[{"embeddable":true,"href":"https:\/\/www.aeonoz.com\/es\/wp-json\/wp\/v2\/users\/1"}],"replies":[{"embeddable":true,"href":"https:\/\/www.aeonoz.com\/es\/wp-json\/wp\/v2\/comments?post=242"}],"version-history":[{"count":54,"href":"https:\/\/www.aeonoz.com\/es\/wp-json\/wp\/v2\/pages\/242\/revisions"}],"predecessor-version":[{"id":4747,"href":"https:\/\/www.aeonoz.com\/es\/wp-json\/wp\/v2\/pages\/242\/revisions\/4747"}],"wp:attachment":[{"href":"https:\/\/www.aeonoz.com\/es\/wp-json\/wp\/v2\/media?parent=242"}],"curies":[{"name":"wp","href":"https:\/\/api.w.org\/{rel}","templated":true}]}}