{"id":74,"date":"2018-07-05T08:57:52","date_gmt":"2018-07-05T08:57:52","guid":{"rendered":"http:\/\/sahel.elated-themes.com\/?page_id=74"},"modified":"2026-02-24T11:45:18","modified_gmt":"2026-02-24T10:45:18","slug":"ueber","status":"publish","type":"page","link":"https:\/\/www.aeonoz.com\/es\/ueber\/","title":{"rendered":"Acerca"},"content":{"rendered":"<div class=\"wpb-content-wrapper\"><p>[vc_row row_content_width=\u00bbgrid\u00bb enable_borders=\u00bbleft-right\u00bb dynamic_background_color_value=\u00bb#f3e7be\u00bb css=\u00bb.vc_custom_1771929916731{padding-top: 250px !important;padding-bottom: 150px !important;}\u00bb][vc_column width=\u00bb1\/6&#8243;][\/vc_column][vc_column width=\u00bb2\/3&#8243;][vc_column_text]<\/p>\n<h5>Aeon Oz es la historia de un viaje m\u00edstico. Se viven 12 caminos para llegar a la cima de una realidad espiritual. Es nuestro camino, y no este camino es ni el pasado ni el futuro, sino en el ahora, donde en la profundidad de ser todo se revela y el deseo de crecer a partir de esa profundidad y de manifestar la esencia de lo que es siempre universal. Es un viaje de descubrimiento a los or\u00edgenes del conocimiento y al deseo de transformarse en el flujo constante del tiempo. Una revelaci\u00f3n m\u00edstica de que el mundo, con su ciclo de nacimiento y muerte, no es realmente nuestro verdadero hogar. Este misterio de im\u00e1genes, luz, sonido y movimiento se grab\u00f3 en India, Nepal, Colombia y Austria.<\/h5>\n<p>&nbsp;<\/p>\n<p>El mantra Aeon Oz, invita al espectador a vincular los elementos vistos y relacionarlos entre s\u00ed. La protagonista nos gu\u00eda bailando por el sinuoso camino de los doce episodios. Ella ser\u00e1 nuestro medio, al igual que la m\u00fasica cautivadora y la luz atmosf\u00e9rica.<\/p>\n<p>&nbsp;<\/p>\n<p>Normalmente, percibimos nuestro mundo, nuestro modo de vida, como perfecto, porque no hay nada m\u00e1s que percibir m\u00e1s alla de lo que conocemos. Sin embargo, vivendo en este mundo actual de sobrecarga sensorial, normalmente solo vemos la superficie llena de normas, reglas, regulaciones, copias de copias. No parece haber una capacidad para ver m\u00e1s all\u00e1, para ver que nos hemos encerrado en un entorno artificial que ha reemplazado notablemente a la propia naturaleza original. Ya no vivimos con la naturaleza; vivimos por encima de ella, por as\u00ed decirlo. La naturaleza se ha convertido en un recurso para mantener viva esta naturaleza artificial o nueva.<\/p>\n<p>&nbsp;<\/p>\n<p>Aeon Oz quiere dar un paso atr\u00e1s, pintar un panorama m\u00e1s amplio y permitir una visi\u00f3n hol\u00edstica. La pel\u00edcula no quiere enfrentar al espectador con un significado predefinido, sino que permite un encuentro.<\/p>\n<p>&nbsp;<\/p>\n<p><em>\u201eNo hay pasado. No hay futuro. Mente abierta. Coraz\u00f3n abierto. Toda la atenci\u00f3n. Sin reservaciones. Eso es todo\u201c.<\/em> Scott Morrison[\/vc_column_text][\/vc_column][vc_column width=\u00bb1\/6&#8243;][\/vc_column][\/vc_row]<\/p>\n<\/div>","protected":false},"excerpt":{"rendered":"<p>[vc_row row_content_width=\u00bbgrid\u00bb enable_borders=\u00bbleft-right\u00bb dynamic_background_color_value=\u00bb#f3e7be\u00bb css=\u00bb.vc_custom_1771929916731{padding-top: 250px !important;padding-bottom: 150px !important;}\u00bb][vc_column width=\u00bb1\/6&#8243;][\/vc_column][vc_column width=\u00bb2\/3&#8243;][vc_column_text] Aeon Oz es la historia de un viaje m\u00edstico. Se viven 12 caminos para llegar a la cima de una realidad espiritual. Es nuestro camino, y no este camino [&hellip;]<\/p>\n","protected":false},"author":1,"featured_media":0,"parent":0,"menu_order":0,"comment_status":"closed","ping_status":"closed","template":"full-width.php","meta":{"footnotes":""},"class_list":["post-74","page","type-page","status-publish","hentry"],"_links":{"self":[{"href":"https:\/\/www.aeonoz.com\/es\/wp-json\/wp\/v2\/pages\/74","targetHints":{"allow":["GET"]}}],"collection":[{"href":"https:\/\/www.aeonoz.com\/es\/wp-json\/wp\/v2\/pages"}],"about":[{"href":"https:\/\/www.aeonoz.com\/es\/wp-json\/wp\/v2\/types\/page"}],"author":[{"embeddable":true,"href":"https:\/\/www.aeonoz.com\/es\/wp-json\/wp\/v2\/users\/1"}],"replies":[{"embeddable":true,"href":"https:\/\/www.aeonoz.com\/es\/wp-json\/wp\/v2\/comments?post=74"}],"version-history":[{"count":33,"href":"https:\/\/www.aeonoz.com\/es\/wp-json\/wp\/v2\/pages\/74\/revisions"}],"predecessor-version":[{"id":4898,"href":"https:\/\/www.aeonoz.com\/es\/wp-json\/wp\/v2\/pages\/74\/revisions\/4898"}],"wp:attachment":[{"href":"https:\/\/www.aeonoz.com\/es\/wp-json\/wp\/v2\/media?parent=74"}],"curies":[{"name":"wp","href":"https:\/\/api.w.org\/{rel}","templated":true}]}}