{"id":938,"date":"2018-07-12T09:20:02","date_gmt":"2018-07-12T07:20:02","guid":{"rendered":"http:\/\/sahel.elated-themes.com\/?page_id=938"},"modified":"2026-02-24T11:42:40","modified_gmt":"2026-02-24T10:42:40","slug":"home","status":"publish","type":"page","link":"https:\/\/www.aeonoz.com\/es\/","title":{"rendered":"Home"},"content":{"rendered":"<div class=\"wpb-content-wrapper\"><p>[vc_row content_placement=\u00bbtop\u00bb enable_borders=\u00bbleft-right\u00bb eltd_border_color=\u00bb#ffffff\u00bb left_right_offset=\u00bb110px\u00bb css=\u00bb.vc_custom_1675242799792{border-top-width: 0px !important;}\u00bb el_id=\u00bbeltdf-main-rev-holder\u00bb][vc_column css=\u00bb.vc_custom_1530778967179{padding-top: 0px !important;}\u00bb]\n\t\t\t<!-- START sliderplakat REVOLUTION SLIDER 6.7.36 --><p class=\"rs-p-wp-fix\"><\/p>\n\t\t\t<rs-module-wrap id=\"rev_slider_13_1_wrapper\" data-source=\"gallery\" style=\"visibility:hidden;background:transparent;padding:0;margin:0px auto;margin-top:0;margin-bottom:0;\">\n\t\t\t\t<rs-module id=\"rev_slider_13_1\" style=\"\" data-version=\"6.7.36\">\n\t\t\t\t\t<rs-slides style=\"overflow: hidden; position: absolute;\">\n\t\t\t\t\t\t<rs-slide style=\"position: absolute;\" data-key=\"rs-26\" data-title=\"Slide\" data-anim=\"adpr:false;\">\n\t\t\t\t\t\t\t<img decoding=\"async\" src=\"\/\/www.aeonoz.com\/wp-content\/plugins\/revslider\/sr6\/assets\/assets\/dummy.png\" alt=\"\" title=\"Home\" class=\"rev-slidebg tp-rs-img rs-lazyload\" data-lazyload=\"\/\/www.aeonoz.com\/wp-content\/uploads\/2023\/01\/aeon-oz-plakat.jpg\" data-no-retina>\n<!--\n\t\t\t\t\t\t\t--><rs-layer\n\t\t\t\t\t\t\t\tid=\"slider-13-slide-26-layer-1\" \n\t\t\t\t\t\t\t\tdata-type=\"image\"\n\t\t\t\t\t\t\t\tdata-rsp_ch=\"on\"\n\t\t\t\t\t\t\t\tdata-xy=\"x:133px;y:614px;\"\n\t\t\t\t\t\t\t\tdata-text=\"l:22;a:inherit;\"\n\t\t\t\t\t\t\t\tdata-dim=\"w:1000px;h:281px;\"\n\t\t\t\t\t\t\t\tdata-frame_0=\"tp:600;\"\n\t\t\t\t\t\t\t\tdata-frame_1=\"tp:600;st:0;\"\n\t\t\t\t\t\t\t\tdata-frame_999=\"o:0;tp:600;st:w;sR:8700;\"\n\t\t\t\t\t\t\t\tstyle=\"z-index:5;\"\n\t\t\t\t\t\t\t><img decoding=\"async\" src=\"\/\/www.aeonoz.com\/wp-content\/plugins\/revslider\/sr6\/assets\/assets\/dummy.png\" alt=\"\" class=\"tp-rs-img rs-lazyload\" width=\"1000\" height=\"281\" data-lazyload=\"\/\/www.aeonoz.com\/wp-content\/uploads\/2023\/01\/title.png\" data-no-retina> \n\t\t\t\t\t\t\t<\/rs-layer><!--\n-->\t\t\t\t\t<\/rs-slide>\n\t\t\t\t\t<\/rs-slides>\n\t\t\t\t<\/rs-module>\n\t\t\t\t<script>\n\t\t\t\t\tsetREVStartSize({c: 'rev_slider_13_1',rl:[1240,1024,778,480],el:[],gw:[1240],gh:[1200],type:'hero',justify:'',layout:'fullwidth',mh:\"0\"});if (window.RS_MODULES!==undefined && window.RS_MODULES.modules!==undefined && window.RS_MODULES.modules[\"revslider131\"]!==undefined) {window.RS_MODULES.modules[\"revslider131\"].once = false;window.revapi13 = undefined;if (window.RS_MODULES.checkMinimal!==undefined) window.RS_MODULES.checkMinimal()}\n\t\t\t\t<\/script>\n\t\t\t<\/rs-module-wrap>\n\t\t\t<!-- END REVOLUTION SLIDER -->\n[\/vc_column][\/vc_row][vc_row row_content_width=\u00bbgrid\u00bb disable_background_image=\u00bb\u00bb enable_borders=\u00bbleft-right\u00bb eltd_border_color=\u00bb#ece8e5&#8243; left_right_offset=\u00bb110px\u00bb simple_background_image=\u00bb2874&#8243; css=\u00bb.vc_custom_1771929738618{padding-top: 100px !important;padding-bottom: 400px !important;}\u00bb simple_background_color=\u00bb#403D46&#8243;][vc_column width=\u00bb1\/6&#8243;][\/vc_column][vc_column width=\u00bb2\/3&#8243;][vc_column_text css=\u00bb\u00bb]<span style=\"color: #ffffff;\">La pel\u00edcula de danza y m\u00fasica Aeon Oz es un himno a la vida. Muestra la belleza de la tierra en armon\u00eda con el hombre.<\/span><br \/>\n<span style=\"color: #ffffff;\">Ambientada en muchos continentes, la coreograf\u00eda evita la elocuencia de una narraci\u00f3n cl\u00e1sica en favor de la maravilla meditativa de un gran ahora. El flujo asociativo de im\u00e1genes se enmarca en el arco de la naracci\u00f3n: desde una danza ritual del fuego al principio del viaje de la hero\u00edna, hasta el regreso a una comunidad.<\/span><br \/>\n<span style=\"color: #ffffff;\">En el centro est\u00e1 la protagonista mientras se sumerge, imagen a imagen, en lugares maravillosos, algunos creados por el hombre, otros de naturaleza casi intacta. Al fusionarse con ellos, se le permite recibir el regalo de los elementos a trav\u00e9s de la danza y la meditaci\u00f3n.<\/span><br \/>\n<span style=\"color: #ffffff;\">Los episodios de la pel\u00edcula encuentran sus correspondencias en el Mantra de Aeon Oz y sus meditaciones, pero tambi\u00e9n se basan en los elementos arquet\u00edpicos y cat\u00e1rticos del despliegue sensual del ser.<\/span><br \/>\n<span style=\"color: #ffffff;\">Una mezcla m\u00edstica brillante para todos nuestros sentidos. Para escuchar, para ver, para sentir y para ser.<\/span><br \/>\n<span style=\"color: #ffffff;\">Los episodios de la pel\u00edcula encuentran sus correspondencias en el Mantra de Aeon Oz y sus meditaciones, pero tambi\u00e9n se basan en los elementos arquet\u00edpicos y cat\u00e1rticos del despliegue sensual del ser.<\/span>[\/vc_column_text][\/vc_column][vc_column width=\u00bb1\/6&#8243;][\/vc_column][\/vc_row][vc_row row_content_width=\u00bbgrid\u00bb enable_borders=\u00bbleft-right\u00bb simple_background_color=\u00bb#403d46&#8243; eltd_border_color=\u00bb#ece8e5&#8243; left_right_offset=\u00bb110px\u00bb css=\u00bb.vc_custom_1771929477733{padding-top: 100px !important;padding-bottom: 400px !important;}\u00bb][vc_column css=\u00bb.vc_custom_1531818637347{margin-top: -373px !important;}\u00bb][vc_video link=\u00bbhttps:\/\/vimeo.com\/688510005&#8243; css=\u00bb\u00bb][\/vc_column][\/vc_row][vc_row row_content_width=\u00bbgrid\u00bb enable_borders=\u00bbleft-right\u00bb css=\u00bb.vc_custom_1562081917827{padding-top: 100px !important;padding-bottom: 50px !important;}\u00bb eltd_border_color=\u00bb#eeeae7&#8243; left_right_offset=\u00bb110px\u00bb simple_background_color=\u00bb#403d46&#8243;][vc_column css=\u00bb.vc_custom_1562082106053{margin-top: -370px !important;}\u00bb][vc_row_inner css=\u00bb.vc_custom_1562081695987{padding-top: px !important;}\u00bb][vc_column_inner width=\u00bb1\/2&#8243; css=\u00bb.vc_custom_1765535544760{padding-top: 100px !important;}\u00bb][vc_column_text]<\/p>\n<h3><span style=\"color: #ffffff;\"><a style=\"color: #ffffff;\" href=\"https:\/\/www.vodclub.online\/film\/aeon-oz\/\">\u00a1NUEVO!<br \/>\nDISPONIBLE EN STREAMING<br \/>\nEN KINO VOD CLUB<\/a><\/span><\/h3>\n<p>[\/vc_column_text][vc_single_image image=\u00bb4875&#8243; img_size=\u00bbfull\u00bb onclick=\u00bbcustom_link\u00bb css=\u00bb.vc_custom_1765535153614{padding-top: 20px !important;}\u00bb link=\u00bbhttps:\/\/www.vodclub.online\/film\/aeon-oz\/\u00bb][\/vc_column_inner][vc_column_inner width=\u00bb1\/2&#8243; css=\u00bb.vc_custom_1765535554189{padding-top: 100px !important;}\u00bb][vc_column_text]<\/p>\n<h3><span style=\"color: #ffffff;\"><a style=\"color: #ffffff;\" href=\"https:\/\/www.cosmic-cine.tv\/aeon-oz\">\u00a1NUEVO!<br \/>\nDISPONIBLE EN STREAMING<br \/>\nEN COSMIC CINE TV!<\/a><\/span><\/h3>\n<p>[\/vc_column_text][vc_single_image image=\u00bb4864&#8243; img_size=\u00bbmedium\u00bb onclick=\u00bbcustom_link\u00bb css=\u00bb.vc_custom_1765535414637{padding-top: 20px !important;}\u00bb link=\u00bbhttps:\/\/www.vodclub.online\/film\/aeon-oz\/\u00bb][\/vc_column_inner][\/vc_row_inner][vc_row_inner css=\u00bb.vc_custom_1562081695987{padding-top: px !important;}\u00bb][vc_column_inner width=\u00bb1\/6&#8243;][\/vc_column_inner][vc_column_inner width=\u00bb2\/3&#8243; css=\u00bb.vc_custom_1561973076258{padding-top: 100px !important;}\u00bb][vc_column_text]<\/p>\n<h3><strong><span style=\"color: #ebebeb;\">PROYECCIONES DE PELICULA<\/span><\/strong><\/h3>\n<h6><span style=\"color: #edebeb;\">* PROYECCIONES EN PRESENCIA\u00a0DE HEINZ KASPER.<\/span><\/h6>\n<p><strong><span style=\"color: #ebebeb;\">FEBRERO 26<\/span><\/strong><br \/>\n<span style=\"color: #ebebeb;\">07.02. Estren en la Isla en Bio Paradis Reykjavik 19h (ISL)*<\/span><\/p>\n<p><strong><span style=\"color: #ebebeb;\">DICIEMBRE 25<\/span><\/strong><br \/>\n<span style=\"color: #ebebeb;\">21.12. Lichtspiele Lenzing 18h\u00a0(AUT)*<\/span><\/p>\n<p><strong><span style=\"color: #ebebeb;\">NOVEMBRE 25<br \/>\n<\/span><\/strong><span style=\"color: #ebebeb;\">20.11. Central Kino Rottweil 20:00 (DEU)<\/span><\/p>\n<p><strong><span style=\"color: #ebebeb;\">OCTUBRE 25<br \/>\n<\/span><\/strong><span style=\"color: #ebebeb;\">21.10. Cin\u00e9ma Saint Andr\u00e9 des Arts Paris 20:00 (FRA)*<br \/>\n12.10. Sound &amp; Vision Festival, Alte Gerberei, St. Johann Tirol 17:00 (AUT)*<\/span><\/p>\n<p><strong><span style=\"color: #ebebeb;\">JULiO 25<br \/>\n<\/span><\/strong><span style=\"color: #ebebeb;\">27.7. Kino am Raschplatz Hannover 12:00 (DEU)<br \/>\n26.7. Kino am Raschplatz Hannover 12:00 (DEU)<\/span><\/p>\n<p><strong><span style=\"color: #ebebeb;\">JUNIO 25<br \/>\n<\/span><\/strong><span style=\"color: #ebebeb;\">23.6. FITS 17:00 (ROU)<br \/>\n4.6. Lichtspiele Lenzing 19h (AUT)*<\/span><\/p>\n<p><strong><span style=\"color: #ebebeb;\">PUEDE 25<\/span><\/strong><br \/>\n<span style=\"color: #ebebeb;\">25.5. Odeon Freiburg 17:45 (DEU)<br \/>\n11.5. Zeise Kinos Hamburg 13:30 (DEU)<br \/>\n5.5..Zeise Kinos Hamburg 20:00 (DEU)*<br \/>\n4.5. Odeon Freiburg 17:30 (DEU)<br \/>\n4.5. Bali Kino Berlin 14:00 (DEU)<br \/>\n3.5. Bali Kino Berlin 14:00 (DEU)<\/span><\/p>\n<p><strong><span style=\"color: #ebebeb;\">ABRIL 25<\/span><\/strong><br \/>\n<span style=\"color: #ebebeb;\">29.4. D\u00eda Internacional de la Danza &#8211; Estreno en cine alem\u00e1n<br \/>\nM\u00fcnchen, Kino Solin 19:00 * &#8211; Oldenburg, Casablanca 18:00 &#8211; Landau, Filmwelt Landau 17:30 &#8211; <\/span><span style=\"color: #ebebeb;\">Gernsbach, Kinocenter 16:45 und 19:15 <\/span><\/p>\n<p><span style=\"color: #ebebeb;\">26. &#8211; 27.4. Lichtspiel Bamberg (DEU) 17:05<\/span><\/p>\n<p><span style=\"color: #ebebeb;\">24. &#8211; 25.4. Lichtspiel Bamberg (DEU) 16:40<\/span><\/p>\n<p><strong><span style=\"color: #ebebeb;\">MARZO 25<\/span><\/strong><br \/>\n<span style=\"color: #ebebeb;\">13.03. Austrian Cultur Forum New Delhi (IND)*<br \/>\n12.03 Artisans Saga, Tapovan Rishikesh <span style=\"color: #ededed;\"><a style=\"color: #ededed;\" href=\"https:\/\/www.cinecenter.at\/programm\/aeon-oz\">(<\/a>IND)*<\/span><br \/>\n<\/span><span style=\"color: #ededed;\">07.03. Cinema Paradiso Auroville <span style=\"color: #ebebeb;\">(<\/span><span style=\"color: #ebebeb;\">IND)*<\/span> <\/span><\/p>\n<p><strong><span style=\"color: #ebebeb;\">FEBRERO 25<\/span><\/strong><br \/>\n<span style=\"color: #ebebeb;\">27.02. Bodhi Zendo, Perumalmalai (IND)*<br \/>\n16.02. Bodhi Zendo, Perumalmalai (IND)*<\/span><\/p>\n<p><strong><span style=\"color: #ebebeb;\">ENERO 25<\/span><\/strong><br \/>\n<span style=\"color: #ebebeb;\">30.1. <span style=\"color: #ededed;\">Cinema Paradiso Auroville (IND)*<\/span><br \/>\n25.1. Hampi (IND)*<br \/>\n18.1. Top Kino Vienna (AUT)*<br \/>\n<span style=\"color: #ededed;\"><a style=\"color: #ededed;\" href=\"https:\/\/www.cinecenter.at\/programm\/aeon-oz\">15.1. CineCenter Vienna (AUT)*<\/a><\/span>25.1. Hampi (IND)*<br \/>\n<\/span><\/p>\n<p><strong><span style=\"color: #ebebeb;\">DICIEMBRE 24<\/span><\/strong><br \/>\n<span style=\"color: #ebebeb;\">15.12. <span style=\"color: #e0dede;\"><a style=\"color: #e0dede;\" href=\"https:\/\/www.moviemento.at\/film\/aeon-oz\">Movimento<\/a><\/span> Linz (AUT)*<br \/>\n14.12. Lichtspiele Lenzing (AUT)<\/span><\/p>\n<p><strong><span style=\"color: #ebebeb;\">NOVIEMBRE 24<\/span><\/strong><br \/>\n<span style=\"color: #ebebeb;\">11.11. Guk-Feldkirch (AUT)*<\/span><span style=\"color: #ebebeb;\"><br \/>\n9.11. Lichtspiele Lenzing (AUT)*<br \/>\n8.11. Stadttheater Gmunden (AUT)*<br \/>\n7.11. Kinola Lambach (AUT)*<br \/>\n6.11. <a style=\"color: #ebebeb;\" href=\"https:\/\/www.dieselkino.at\/index.php?cine=09&amp;id=204&amp;movie=9072&amp;source=400\">Diesel Kino Braunau (AUT)*<\/a><br \/>\n5.11. Programmkino Wels (AUT)<\/span><span style=\"color: #ebebeb;\"><br \/>\n5.11. <a style=\"color: #ebebeb;\" href=\"https:\/\/www.dieselkino.at\/index.php?cine=07&amp;id=204&amp;movie=9072&amp;source=400\">Diesel Kino Bruck\/Glstr.(AUT)*<\/a><\/span><\/p>\n<p><strong><span style=\"color: #ebebeb;\">OCTUBRE 24<\/span><\/strong><br \/>\n<span style=\"color: #ebebeb;\">30.10. Movimento Linz (AUT)<\/span><br \/>\n<span style=\"color: #ebebeb;\">23.10. Programmkino Wels (AUT)*<\/span><br \/>\n<span style=\"color: #ebebeb;\">22.10. Kino Kirchdorf (AUT)*<\/span><br \/>\n<span style=\"color: #ebebeb;\">21.10. Stadttheater Gmunden (AUT)*<\/span><br \/>\n<span style=\"color: #ebebeb;\">17.10. Stadtkino Villach (AUT)*<\/span><br \/>\n<span style=\"color: #ebebeb;\">14.10. CityKino Steyr (AUT)<\/span><br \/>\n<span style=\"color: #ebebeb;\">12.10. Filmzentrum Rechbauerkino Graz (AUT)<\/span><br \/>\n<span style=\"color: #ebebeb;\">12.10. Lichtspiele Lenzing (AUT)<\/span><br \/>\n<span style=\"color: #ebebeb;\">11.10. CityKino Steyr (AUT)<\/span><br \/>\n<span style=\"color: #ebebeb;\">11.10. Filmzentrum Rechbauerkino Graz (AUT)*<\/span><br \/>\n<span style=\"color: #ebebeb;\">10.10. CityKino Steyr (AUT)*<\/span><br \/>\n<span style=\"color: #ebebeb;\">4.10. Lichtspiele Lenzing (AUT)*<\/span><br \/>\n<span style=\"color: #ebebeb;\">3.10. Movimento Linz (AUT)*<\/span><br \/>\n<span style=\"color: #ebebeb;\">1.10. Estern en Austria en <a style=\"color: #ebebeb;\" href=\"http:\/\/www.votivkino.at\/film\/aeon-oz\/\">Votiv Kino<\/a> Wien (AUT)*<\/span><\/p>\n<p><strong><span style=\"color: #ebebeb;\">SEPTIEMBRE 24\u00a0<\/span><\/strong><br \/>\n<span style=\"color: #ebebeb;\">27.9. Estreno Europeo en<a style=\"color: #ebebeb;\" href=\"http:\/\/babylonberlin.eu\/film\/7610-europapremiere-aeon-oz\">Babylon Mitte Berlin<\/a> (DEU)*<\/span><\/p>\n<p><strong><span style=\"color: #ebebeb;\">MARZO 24<\/span><\/strong><br \/>\n<span style=\"color: #ebebeb;\">6.3. Estern en India en Cinema Paradiso Auroville (IND)*<\/span><\/p>\n<p><strong><span style=\"color: #ebebeb;\">SEPTIEMBRE \u00a023<\/span><\/strong><br \/>\n<span style=\"color: #ebebeb;\">24.9. Ojal\u00e1 Guane (COL)*<br \/>\n16.9. Artepolis Barichara \u00a0(COL)* <\/span><br \/>\n<span style=\"color: #ebebeb;\">14.9. <a style=\"color: #ebebeb;\" href=\"https:\/\/www.elmamm.org\/cine\/aeon%20oz\/\">Museo de Arte Moderno de Medell\u00edn<\/a> (COL)* <\/span><br \/>\n<span style=\"color: #ebebeb;\">12.9. Centro Cultural William Shakespeare Bogot\u00e1 (COL)* <\/span><br \/>\n<span style=\"color: #ebebeb;\">8.9. Bonfire Bogot\u00e1 (COL)* <\/span><br \/>\n<span style=\"color: #ebebeb;\">7.9. <a style=\"color: #ebebeb;\" href=\"https:\/\/www.fuga.gov.co\/agenda\/proyeccion-de-la-pelicula-aeon-oz\">Fundaci\u00f3n Gilberto Alzate Avenda\u00f1o<\/a> (COL)* <\/span><br \/>\n<span style=\"color: #ebebeb;\">6.9. Goethe Institut Bogot\u00e1 (COL)* <\/span><br \/>\n<span style=\"color: #ebebeb;\">1.9. Puruma, Santa Elena, <a style=\"color: #ebebeb;\" href=\"https:\/\/www.elmamm.org\/cine\/aeon%20oz\/\">Medell\u00edn<\/a> (COL)*\u00a0<\/span><span style=\"color: #ebebeb;\">\u00a0<\/span><\/p>\n<p><strong><span style=\"color: #ebebeb;\">MARZO 23<\/span><\/strong><br \/>\n<span style=\"color: #ebebeb;\">23.3. Goethe Institut Bogot\u00e1 (COL)* <\/span><\/p>\n<p><strong><span style=\"color: #ebebeb;\">FEBRERO 23<\/span><\/strong><br \/>\n<a href=\"https:\/\/cinematecadebogota.gov.co\/pelicula\/aeon-oz\"><span style=\"color: #ebebeb;\">10.2. Estern mundmal en Cinemateca de Bogot\u00e1 (COL)*<\/span><\/a>[\/vc_column_text][\/vc_column_inner][vc_column_inner width=\u00bb1\/6&#8243;][\/vc_column_inner][\/vc_row_inner][\/vc_column][\/vc_row][vc_row row_content_width=\u00bbgrid\u00bb enable_borders=\u00bbleft-right\u00bb css=\u00bb.vc_custom_1562081917827{padding-top: 100px !important;padding-bottom: 50px !important;}\u00bb eltd_border_color=\u00bb#eeeae7&#8243; left_right_offset=\u00bb110px\u00bb simple_background_color=\u00bb#403d46&#8243;][vc_column][vc_row_inner css=\u00bb.vc_custom_1562081695987{padding-top: px !important;}\u00bb][vc_column_inner width=\u00bb1\/6&#8243;][\/vc_column_inner][vc_column_inner width=\u00bb2\/3&#8243; css=\u00bb.vc_custom_1561973076258{padding-top: 100px !important;}\u00bb][vc_column_text]<\/p>\n<h3 style=\"text-align: center;\"><span style=\"color: #ebebeb;\">Aeon Oz &#8211; El Mantra<\/span><\/h3>\n<p style=\"text-align: center;\"><span style=\"color: #ebebeb;\">We are here to grow<\/span><br \/>\n<span style=\"color: #ebebeb;\">this is the right place<\/span><br \/>\n<span style=\"color: #ebebeb;\">to unfold and express ourselves<\/span><br \/>\n<span style=\"color: #ebebeb;\">for the joy of living<\/span><br \/>\n<span style=\"color: #ebebeb;\">for playing and loving<\/span><br \/>\n<span style=\"color: #ebebeb;\">with all our responsibility<\/span><br \/>\n<span style=\"color: #ebebeb;\">in harmony with all beings<\/span><br \/>\n<span style=\"color: #ebebeb;\">with deep faith<\/span><br \/>\n<span style=\"color: #ebebeb;\">and spiritual conviction.<\/span><br \/>\n<span style=\"color: #ebebeb;\">respecting the universal principles and laws<\/span><br \/>\n<span style=\"color: #ebebeb;\">no borders just freedom<\/span><br \/>\n<span style=\"color: #ebebeb;\">ready for transformation and unity.<\/span><\/p>\n<p>[\/vc_column_text][\/vc_column_inner][vc_column_inner width=\u00bb1\/6&#8243;][\/vc_column_inner][\/vc_row_inner][\/vc_column][\/vc_row]<\/p>\n<\/div>","protected":false},"excerpt":{"rendered":"<p>[vc_row content_placement=\u00bbtop\u00bb enable_borders=\u00bbleft-right\u00bb eltd_border_color=\u00bb#ffffff\u00bb left_right_offset=\u00bb110px\u00bb css=\u00bb.vc_custom_1675242799792{border-top-width: 0px !important;}\u00bb el_id=\u00bbeltdf-main-rev-holder\u00bb][vc_column css=\u00bb.vc_custom_1530778967179{padding-top: 0px !important;}\u00bb][\/vc_column][\/vc_row][vc_row row_content_width=\u00bbgrid\u00bb disable_background_image=\u00bb\u00bb enable_borders=\u00bbleft-right\u00bb eltd_border_color=\u00bb#ece8e5&#8243; left_right_offset=\u00bb110px\u00bb simple_background_image=\u00bb2874&#8243; css=\u00bb.vc_custom_1771929738618{padding-top: 100px !important;padding-bottom: 400px !important;}\u00bb simple_background_color=\u00bb#403D46&#8243;][vc_column width=\u00bb1\/6&#8243;][\/vc_column][vc_column width=\u00bb2\/3&#8243;][vc_column_text css=\u00bb\u00bb]La pel\u00edcula de danza y m\u00fasica Aeon Oz es un himno a la vida. [&hellip;]<\/p>\n","protected":false},"author":1,"featured_media":0,"parent":0,"menu_order":0,"comment_status":"closed","ping_status":"closed","template":"full-width.php","meta":{"footnotes":""},"class_list":["post-938","page","type-page","status-publish","hentry"],"_links":{"self":[{"href":"https:\/\/www.aeonoz.com\/es\/wp-json\/wp\/v2\/pages\/938","targetHints":{"allow":["GET"]}}],"collection":[{"href":"https:\/\/www.aeonoz.com\/es\/wp-json\/wp\/v2\/pages"}],"about":[{"href":"https:\/\/www.aeonoz.com\/es\/wp-json\/wp\/v2\/types\/page"}],"author":[{"embeddable":true,"href":"https:\/\/www.aeonoz.com\/es\/wp-json\/wp\/v2\/users\/1"}],"replies":[{"embeddable":true,"href":"https:\/\/www.aeonoz.com\/es\/wp-json\/wp\/v2\/comments?post=938"}],"version-history":[{"count":181,"href":"https:\/\/www.aeonoz.com\/es\/wp-json\/wp\/v2\/pages\/938\/revisions"}],"predecessor-version":[{"id":4896,"href":"https:\/\/www.aeonoz.com\/es\/wp-json\/wp\/v2\/pages\/938\/revisions\/4896"}],"wp:attachment":[{"href":"https:\/\/www.aeonoz.com\/es\/wp-json\/wp\/v2\/media?parent=938"}],"curies":[{"name":"wp","href":"https:\/\/api.w.org\/{rel}","templated":true}]}}